{"id":203,"date":"2025-10-24T12:36:26","date_gmt":"2025-10-24T10:36:26","guid":{"rendered":"https:\/\/shop.gulansfs.com\/?post_type=product&#038;p=203"},"modified":"2025-10-24T12:41:12","modified_gmt":"2025-10-24T10:41:12","slug":"abono-de-socio-gulans-futbol-sala-temporada-2025-26","status":"publish","type":"product","link":"https:\/\/shop.gulansfs.com\/index.php\/producto\/abono-de-socio-gulans-futbol-sala-temporada-2025-26\/","title":{"rendered":"Abono de Socio Gul\u00e1ns F\u00fatbol Sala \u2013 Temporada 2025\/26"},"content":{"rendered":"<p>Forma parte da familia do <strong>Gul\u00e1ns F\u00fatbol Sala<\/strong> e vive con n\u00f3s unha nova tempada chea de ilusi\u00f3n, paix\u00f3n e compromiso! <img decoding=\"async\" role=\"img\" class=\"emoji\" src=\"https:\/\/s.w.org\/images\/core\/emoji\/16.0.1\/svg\/1f49a.svg\" alt=\"\ud83d\udc9a\"><img decoding=\"async\" role=\"img\" class=\"emoji\" src=\"https:\/\/s.w.org\/images\/core\/emoji\/16.0.1\/svg\/1f5a4.svg\" alt=\"\ud83d\udda4\"><br \/>Tanto se es un novo abonado como se queres <strong>renovar o teu carn\u00e9<\/strong>, este \u00e9 o teu espazo.<br \/>Unha vez formalices o pedido cubrindo os teus datos, <strong>recibir\u00e1s un correo electr\u00f3nico coas instruci\u00f3ns para realizar o pago<\/strong> do abono.<br \/><img decoding=\"async\" role=\"img\" class=\"emoji\" src=\"https:\/\/s.w.org\/images\/core\/emoji\/16.0.1\/svg\/1f538.svg\" alt=\"\ud83d\udd38\"> Participar\u00e1s nas vantaxes exclusivas para socios\/as durante a tempada.<br \/><img decoding=\"async\" role=\"img\" class=\"emoji\" src=\"https:\/\/s.w.org\/images\/core\/emoji\/16.0.1\/svg\/1f538.svg\" alt=\"\ud83d\udd38\"> Axudas a seguir facendo crecer o noso proxecto deportivo e social.<br \/><strong>Xuntos facemos historia.<\/strong> <img decoding=\"async\" role=\"img\" class=\"emoji\" src=\"https:\/\/s.w.org\/images\/core\/emoji\/16.0.1\/svg\/1f49a.svg\" alt=\"\ud83d\udc9a\"><\/p>\n","protected":false},"excerpt":{"rendered":"<p>Abono de Socio Gul\u00e1ns F\u00fatbol Sala \u2013 Temporada 2025\/26<\/p>\n","protected":false},"featured_media":207,"comment_status":"open","ping_status":"closed","template":"","meta":[],"product_brand":[],"product_cat":[16],"product_tag":[],"class_list":{"0":"post-203","1":"product","2":"type-product","3":"status-publish","4":"has-post-thumbnail","6":"product_cat-sin-categorizar","8":"first","9":"instock","10":"shipping-taxable","11":"purchasable","12":"product-type-simple"},"_links":{"self":[{"href":"https:\/\/shop.gulansfs.com\/index.php\/wp-json\/wp\/v2\/product\/203","targetHints":{"allow":["GET"]}}],"collection":[{"href":"https:\/\/shop.gulansfs.com\/index.php\/wp-json\/wp\/v2\/product"}],"about":[{"href":"https:\/\/shop.gulansfs.com\/index.php\/wp-json\/wp\/v2\/types\/product"}],"replies":[{"embeddable":true,"href":"https:\/\/shop.gulansfs.com\/index.php\/wp-json\/wp\/v2\/comments?post=203"}],"wp:featuredmedia":[{"embeddable":true,"href":"https:\/\/shop.gulansfs.com\/index.php\/wp-json\/wp\/v2\/media\/207"}],"wp:attachment":[{"href":"https:\/\/shop.gulansfs.com\/index.php\/wp-json\/wp\/v2\/media?parent=203"}],"wp:term":[{"taxonomy":"product_brand","embeddable":true,"href":"https:\/\/shop.gulansfs.com\/index.php\/wp-json\/wp\/v2\/product_brand?post=203"},{"taxonomy":"product_cat","embeddable":true,"href":"https:\/\/shop.gulansfs.com\/index.php\/wp-json\/wp\/v2\/product_cat?post=203"},{"taxonomy":"product_tag","embeddable":true,"href":"https:\/\/shop.gulansfs.com\/index.php\/wp-json\/wp\/v2\/product_tag?post=203"}],"curies":[{"name":"wp","href":"https:\/\/api.w.org\/{rel}","templated":true}]}}